{"id":53,"date":"2025-08-04T16:45:25","date_gmt":"2025-08-04T16:45:25","guid":{"rendered":"https:\/\/tc-hohenau.at\/?page_id=53"},"modified":"2025-08-04T16:45:25","modified_gmt":"2025-08-04T16:45:25","slug":"vorstand","status":"publish","type":"page","link":"https:\/\/tc-hohenau.at\/?page_id=53","title":{"rendered":"Vorstand"},"content":{"rendered":"\n<p>Vorstand des TC Hohenau<\/p>\n\n\n\n<p>Obmann<br>Lukas Schubtschik<\/p>\n\n\n\n<p>Obmann &#8211; Stellvertreter<br>Harald Lukas<\/p>\n\n\n\n<p>Kassier<br>Martin Binder<\/p>\n\n\n\n<p>Kassier &#8211; Stellvertreter<br>Rainer Gamperling<\/p>\n\n\n\n<p>Schriftf\u00fchrerin<br>Petra Zierlich<\/p>\n\n\n\n<p>Schriftf\u00fchrer &#8211; Stellvertreter<br>Peter H\u00f6rwey<\/p>\n\n\n\n<p><a href=\"https:\/\/citizen.bmi.gv.at\/at.gv.bmi.fnsweb-p\/zvn\/public\/Registerauszug\" data-type=\"link\" data-id=\"https:\/\/citizen.bmi.gv.at\/at.gv.bmi.fnsweb-p\/zvn\/public\/Registerauszug\" target=\"_blank\" rel=\"noreferrer noopener\">ZVR-Anfrage<\/a><\/p>\n\n\n\n<p><\/p>\n","protected":false},"excerpt":{"rendered":"<p>Vorstand des TC Hohenau ObmannLukas Schubtschik Obmann &#8211; StellvertreterHarald Lukas KassierMartin Binder Kassier &#8211; StellvertreterRainer Gamperling Schriftf\u00fchrerinPetra Zierlich Schriftf\u00fchrer &#8211; StellvertreterPeter H\u00f6rwey ZVR-Anfrage<\/p>\n","protected":false},"author":1,"featured_media":0,"parent":0,"menu_order":0,"comment_status":"closed","ping_status":"closed","template":"","meta":{"footnotes":""},"class_list":["post-53","page","type-page","status-publish","hentry"],"_links":{"self":[{"href":"https:\/\/tc-hohenau.at\/index.php?rest_route=\/wp\/v2\/pages\/53","targetHints":{"allow":["GET"]}}],"collection":[{"href":"https:\/\/tc-hohenau.at\/index.php?rest_route=\/wp\/v2\/pages"}],"about":[{"href":"https:\/\/tc-hohenau.at\/index.php?rest_route=\/wp\/v2\/types\/page"}],"author":[{"embeddable":true,"href":"https:\/\/tc-hohenau.at\/index.php?rest_route=\/wp\/v2\/users\/1"}],"replies":[{"embeddable":true,"href":"https:\/\/tc-hohenau.at\/index.php?rest_route=%2Fwp%2Fv2%2Fcomments&post=53"}],"version-history":[{"count":1,"href":"https:\/\/tc-hohenau.at\/index.php?rest_route=\/wp\/v2\/pages\/53\/revisions"}],"predecessor-version":[{"id":54,"href":"https:\/\/tc-hohenau.at\/index.php?rest_route=\/wp\/v2\/pages\/53\/revisions\/54"}],"wp:attachment":[{"href":"https:\/\/tc-hohenau.at\/index.php?rest_route=%2Fwp%2Fv2%2Fmedia&parent=53"}],"curies":[{"name":"wp","href":"https:\/\/api.w.org\/{rel}","templated":true}]}}