{"id":50,"date":"2025-12-29T07:59:50","date_gmt":"2025-12-29T07:59:50","guid":{"rendered":"https:\/\/tc-hohenau.at\/?page_id=50"},"modified":"2026-03-19T06:36:53","modified_gmt":"2026-03-19T06:36:53","slug":"mitgliedschaften","status":"publish","type":"page","link":"https:\/\/tc-hohenau.at\/?page_id=50","title":{"rendered":"Mitgliedschaften 2026"},"content":{"rendered":"\n<p class=\"has-vivid-red-color has-text-color has-link-color wp-elements-2893e55f705b281b23e757f42696a1f0\" style=\"padding-top:0;padding-bottom:0\"><strong>Arten der Mitgliedschaften<\/strong> <br>Stand 19.03.2026<\/p>\n\n\n\n<div class=\"wp-block-columns is-layout-flex wp-container-core-columns-is-layout-28f84493 wp-block-columns-is-layout-flex\">\n<div class=\"wp-block-column is-layout-flow wp-block-column-is-layout-flow\" style=\"flex-basis:66.66%\">\n<p class=\"has-heading-color has-text-color has-link-color wp-elements-92b3192a7fd4ddf92ccc5725bad978b8\"><strong>Mitgliedskarte &#8211; Einzelperson<\/strong><br>\u20ac 130<br>Erwachsener, Einzelperson ab vollendetem 19. Lebensjahr <em><strong><a href=\"#_ftn1\"><sub>[1]<\/sub><\/a><\/strong><\/em>\u2013 ausgenommen Studenten bis zum 27. Lebensjahr<em><strong><a href=\"#_ftn1\"><sub>[1]<\/sub><\/a><\/strong><\/em> ;<br><em>Der Inhaber einer Mitgliedskarte \u2013 Einzelperson bekommt einen entsprechenden Schl\u00fcssel<strong><a href=\"#_ftn2\"><sub>[2]<\/sub><\/a><\/strong>, einen pers\u00f6nlichen PIN f\u00fcr das Online-Reservierungssystem<a href=\"#_ftn3\" id=\"_ftnref3\"><strong><sub>[3]<\/sub><\/strong><\/a> (maximal 8 Einheiten) und auf Wunsch einen Platz in der Forderungsliste<a href=\"#_ftn4\" id=\"_ftnref4\"><strong><sub>[4]<\/sub><\/strong><\/a>. Der Inhaber dieser Mitgliedschaft besitzt eine Stimme in der Generalversammlung.<\/em><\/p>\n<\/div>\n\n\n\n<div class=\"wp-block-column is-layout-flow wp-block-column-is-layout-flow\" style=\"flex-basis:33.33%\">\n<figure class=\"wp-block-image size-full\"><img loading=\"lazy\" decoding=\"async\" width=\"373\" height=\"354\" src=\"https:\/\/tc-hohenau.at\/wp-content\/uploads\/2025\/12\/Mitgliedskarte-2026.png\" alt=\"\" class=\"wp-image-200\" srcset=\"https:\/\/tc-hohenau.at\/wp-content\/uploads\/2025\/12\/Mitgliedskarte-2026.png 373w, https:\/\/tc-hohenau.at\/wp-content\/uploads\/2025\/12\/Mitgliedskarte-2026-300x285.png 300w\" sizes=\"auto, (max-width: 373px) 100vw, 373px\" \/><\/figure>\n<\/div>\n<\/div>\n\n\n\n<hr class=\"wp-block-separator has-alpha-channel-opacity\"\/>\n\n\n\n<div class=\"wp-block-columns is-layout-flex wp-container-core-columns-is-layout-28f84493 wp-block-columns-is-layout-flex\">\n<div class=\"wp-block-column is-layout-flow wp-block-column-is-layout-flow\" style=\"flex-basis:66.66%\">\n<p class=\"has-heading-color has-text-color has-link-color wp-elements-ba9d33d36ba9208277fdf3690b591037\"><strong>Familienkarte<\/strong><br>\u20ac 150<br>2 Erwachsene (Lebensgemeinschaft) inklusiver aller im selben Haushalt wohnenden Kinder bis zum 15. Lebensjahr<em><strong><a href=\"#_ftn1\"><sub>[1]<\/sub><\/a><\/strong><\/em> ;<br><em>Die Inhaber einer Familienkarte bekommen <strong>einen<\/strong> entsprechenden Schl\u00fcssel<em><strong><a href=\"#_ftn2\"><sub>[2]<\/sub><\/a><\/strong><\/em>, auf Wunsch einen Schl\u00fcssel<em><strong><a href=\"#_ftn2\"><sub>[2]<\/sub><\/a><\/strong><\/em> f\u00fcr die jeweils andere Umkleidekabine, auf Wunsch f\u00fcr jeden Berechtigten der Familienkarte einen pers\u00f6nlichen PIN f\u00fcr das Online-Reservierungssystem<em><a href=\"#_ftn3\" id=\"_ftnref3\"><strong><sub>[3]<\/sub><\/strong><\/a><\/em> (maximal 8 Einheiten f\u00fcr Erwachsene, maximal 4 Einheiten f\u00fcr Kinder) und auf Wunsch einen Platz in der Forderungsliste<strong><sub><a href=\"#_ftn4\">[4]<\/a><\/sub><\/strong>;<br>Jedes erwachsene Mitglied der Familienkarte besitzt eine Stimme in der Generalversammlung.<\/em><\/p>\n<\/div>\n\n\n\n<div class=\"wp-block-column is-layout-flow wp-block-column-is-layout-flow\" style=\"flex-basis:33.33%\">\n<figure class=\"wp-block-image size-full\"><img loading=\"lazy\" decoding=\"async\" width=\"373\" height=\"354\" src=\"https:\/\/tc-hohenau.at\/wp-content\/uploads\/2025\/12\/Familienkarte-2026.png\" alt=\"\" class=\"wp-image-202\" srcset=\"https:\/\/tc-hohenau.at\/wp-content\/uploads\/2025\/12\/Familienkarte-2026.png 373w, https:\/\/tc-hohenau.at\/wp-content\/uploads\/2025\/12\/Familienkarte-2026-300x285.png 300w\" sizes=\"auto, (max-width: 373px) 100vw, 373px\" \/><\/figure>\n<\/div>\n<\/div>\n\n\n\n<hr class=\"wp-block-separator has-alpha-channel-opacity\"\/>\n\n\n\n<div class=\"wp-block-columns is-layout-flex wp-container-core-columns-is-layout-28f84493 wp-block-columns-is-layout-flex\">\n<div class=\"wp-block-column is-layout-flow wp-block-column-is-layout-flow\" style=\"flex-basis:66.66%\">\n<p class=\"has-heading-color has-text-color has-link-color wp-elements-1bb829cdbdd83297d7b2ccd694d1e97c\"><strong>Studentenkarte<\/strong><br>\u20ac 50 <br>Erwachsener, bis zum 27. Lebensjahr<em><strong><a href=\"#_ftn1\"><sub>[1]<\/sub><\/a><\/strong><\/em> , der an einer Universit\u00e4t, (Fach-)Hochschule oder Fachschule immatrikuliert ist<em><strong><a href=\"#_ftn1\"><sub>[1]<\/sub><\/a><\/strong><\/em>;<br><em>Der Inhaber einer Studentenkarte bekommt einen entsprechenden Schl\u00fcssel<strong><a href=\"#_ftn2\"><sub>[2]<\/sub><\/a><\/strong>, einen pers\u00f6nlichen PIN f\u00fcr das Online-Reservierungssystem<a href=\"#_ftn3\" id=\"_ftnref3\"><strong><sub>[3]<\/sub><\/strong><\/a>\u00a0 (maximal 8 Einheiten) und auf Wunsch einen Platz in der Forderungsliste<strong><sub><a href=\"#_ftn4\">[4]<\/a><\/sub><\/strong>.<\/em> <em>Der Inhaber dieser Mitgliedschaft besitzt eine Stimme in der Generalversammlung.<\/em><\/p>\n<\/div>\n\n\n\n<div class=\"wp-block-column is-layout-flow wp-block-column-is-layout-flow\" style=\"flex-basis:33.33%\">\n<figure class=\"wp-block-image size-full\"><img loading=\"lazy\" decoding=\"async\" width=\"373\" height=\"354\" src=\"https:\/\/tc-hohenau.at\/wp-content\/uploads\/2025\/12\/Studentenkarte-2026.png\" alt=\"\" class=\"wp-image-203\" srcset=\"https:\/\/tc-hohenau.at\/wp-content\/uploads\/2025\/12\/Studentenkarte-2026.png 373w, https:\/\/tc-hohenau.at\/wp-content\/uploads\/2025\/12\/Studentenkarte-2026-300x285.png 300w\" sizes=\"auto, (max-width: 373px) 100vw, 373px\" \/><\/figure>\n<\/div>\n<\/div>\n\n\n\n<hr class=\"wp-block-separator has-alpha-channel-opacity\"\/>\n\n\n\n<div class=\"wp-block-columns is-layout-flex wp-container-core-columns-is-layout-28f84493 wp-block-columns-is-layout-flex\">\n<div class=\"wp-block-column is-layout-flow wp-block-column-is-layout-flow\" style=\"flex-basis:66.66%\">\n<p class=\"has-heading-color has-text-color has-link-color wp-elements-d5495efbd97eae9c24eac066c79e93db\"><strong>Jugendkarte<\/strong><br>\u20ac 50<br>Personen vom 16. Lebensjahr<em><strong><a href=\"#_ftn1\"><sub>[1]<\/sub><\/a><\/strong><\/em> bis zum 19. Lebensjahr<em><strong><a href=\"#_ftn1\"><sub>[1]<\/sub><\/a><\/strong><\/em><br><em>Der Inhaber einer Studentenkarte bekommt einen entsprechenden Schl\u00fcssel<strong><a href=\"#_ftn2\"><sub>[2]<\/sub><\/a><\/strong>, einen pers\u00f6nlichen PIN f\u00fcr das Online-Reservierungssystem<a href=\"#_ftn3\" id=\"_ftnref3\"><strong><sub>[3]<\/sub><\/strong><\/a>\u00a0 (maximal 8 Einheiten) und auf Wunsch einen Platz in der Forderungsliste<strong><sub><a href=\"#_ftn4\">[4]<\/a><\/sub><\/strong>. Der Inhaber dieser Mitgliedschaft besitzt eine Stimme in der Generalversammlung.<\/em><\/p>\n<\/div>\n\n\n\n<div class=\"wp-block-column is-layout-flow wp-block-column-is-layout-flow\" style=\"flex-basis:33.33%\">\n<figure class=\"wp-block-image size-full\"><img loading=\"lazy\" decoding=\"async\" width=\"373\" height=\"354\" src=\"https:\/\/tc-hohenau.at\/wp-content\/uploads\/2025\/12\/Jugendkarte-2026.png\" alt=\"\" class=\"wp-image-204\" srcset=\"https:\/\/tc-hohenau.at\/wp-content\/uploads\/2025\/12\/Jugendkarte-2026.png 373w, https:\/\/tc-hohenau.at\/wp-content\/uploads\/2025\/12\/Jugendkarte-2026-300x285.png 300w\" sizes=\"auto, (max-width: 373px) 100vw, 373px\" \/><\/figure>\n<\/div>\n<\/div>\n\n\n\n<hr class=\"wp-block-separator has-alpha-channel-opacity\"\/>\n\n\n\n<div class=\"wp-block-columns is-layout-flex wp-container-core-columns-is-layout-28f84493 wp-block-columns-is-layout-flex\">\n<div class=\"wp-block-column is-layout-flow wp-block-column-is-layout-flow\" style=\"flex-basis:66.66%\">\n<p class=\"has-heading-color has-text-color has-link-color wp-elements-7d2afa84d5e0c395e8a50b78cab054cb\"><strong>Kinderkarte<\/strong><br>\u20ac 30<br>Personen von 0 \u2013 bis zum 15. Lebensjahr<em><strong><a href=\"#_ftn1\"><sub>[1]<\/sub><\/a><\/strong><\/em><br><em>Der Inhaber einer Kinderkarte bekommt einen entsprechenden Schl\u00fcssel<strong><a href=\"#_ftn2\"><sub>[2]<\/sub><\/a><\/strong> , einen pers\u00f6nlichen PIN f\u00fcr das Online-Reservierungssystem<a href=\"#_ftn3\" id=\"_ftnref3\"><strong><sub>[3]<\/sub><\/strong><\/a>\u00a0 (maximal 4 Einheiten).<br>Der Inhaber dieser Mitgliedschaft besitzt <strong><u>keine<\/u><\/strong> Stimme in der Generalversammlung.<\/em><\/p>\n<\/div>\n\n\n\n<div class=\"wp-block-column is-layout-flow wp-block-column-is-layout-flow\" style=\"flex-basis:33.33%\">\n<figure class=\"wp-block-image size-full\"><img loading=\"lazy\" decoding=\"async\" width=\"373\" height=\"354\" src=\"https:\/\/tc-hohenau.at\/wp-content\/uploads\/2025\/12\/Kinderkarte-2026.png\" alt=\"\" class=\"wp-image-205\" srcset=\"https:\/\/tc-hohenau.at\/wp-content\/uploads\/2025\/12\/Kinderkarte-2026.png 373w, https:\/\/tc-hohenau.at\/wp-content\/uploads\/2025\/12\/Kinderkarte-2026-300x285.png 300w\" sizes=\"auto, (max-width: 373px) 100vw, 373px\" \/><\/figure>\n<\/div>\n<\/div>\n\n\n\n<hr class=\"wp-block-separator has-alpha-channel-opacity\"\/>\n\n\n\n<div class=\"wp-block-columns is-layout-flex wp-container-core-columns-is-layout-28f84493 wp-block-columns-is-layout-flex\">\n<div class=\"wp-block-column is-layout-flow wp-block-column-is-layout-flow\" style=\"flex-basis:66.66%\">\n<p class=\"has-heading-color has-text-color has-link-color wp-elements-9aa5f2277e4cf5ac1067c9279fa8742d\"><strong>Unterst\u00fctzendes Mitglied<\/strong><br>\u20ac 25<br>Person, jeden Alters, welche den Verein unterst\u00fctzen m\u00f6chte ohne an sportlichen Aktivit\u00e4ten teilnehmen zu wollen, aber trotzdem Teil der Gemeinschaft sein m\u00f6chte, oder<\/p>\n\n\n\n<p class=\"has-heading-color has-text-color has-link-color wp-elements-bebe456ef550f18e76573e42997d26e3\">Person, welche nach Beschluss des Vorstands den Verein durch aktive Teilnahme an Meisterschaften unterst\u00fctzt und somit den Verein bei der Jugendarbeit unterst\u00fctzt.<\/p>\n\n\n\n<p class=\"has-heading-color has-text-color has-link-color wp-elements-35b2750a916b474d8857d86c88896e11\">Beide Arten der Mitgliedschaft bekommen keinen Schl\u00fcssel zum Vereinsgel\u00e4nde, keinen Zugang zum Online-Reservierungssystem<em><a href=\"#_ftn3\" id=\"_ftnref3\"><strong><sub>[3]<\/sub><\/strong><\/a><\/em><\/p>\n<\/div>\n\n\n\n<div class=\"wp-block-column is-layout-flow wp-block-column-is-layout-flow\" style=\"flex-basis:33.33%\">\n<figure class=\"wp-block-image size-full\"><img loading=\"lazy\" decoding=\"async\" width=\"373\" height=\"354\" src=\"https:\/\/tc-hohenau.at\/wp-content\/uploads\/2025\/12\/unterstuetzendes-Mitglied-2026.png\" alt=\"\" class=\"wp-image-206\" srcset=\"https:\/\/tc-hohenau.at\/wp-content\/uploads\/2025\/12\/unterstuetzendes-Mitglied-2026.png 373w, https:\/\/tc-hohenau.at\/wp-content\/uploads\/2025\/12\/unterstuetzendes-Mitglied-2026-300x285.png 300w\" sizes=\"auto, (max-width: 373px) 100vw, 373px\" \/><\/figure>\n<\/div>\n<\/div>\n\n\n\n<hr class=\"wp-block-separator has-alpha-channel-opacity\"\/>\n\n\n\n<div class=\"wp-block-columns is-layout-flex wp-container-core-columns-is-layout-28f84493 wp-block-columns-is-layout-flex\">\n<div class=\"wp-block-column is-layout-flow wp-block-column-is-layout-flow\" style=\"flex-basis:66.66%\">\n<p class=\"has-heading-color has-text-color has-link-color wp-elements-1f64d0e2c4da3614a03f553bbd38f8e7\"><strong>Schl\u00fcsseleinsatz<\/strong><br>\u20ac 30<br>Wird nach Beendigung der Mitgliedschaft und R\u00fcckgabe des Schl\u00fcssels wieder zur\u00fcck erstattet.<\/p>\n<\/div>\n\n\n\n<div class=\"wp-block-column is-layout-flow wp-block-column-is-layout-flow\" style=\"flex-basis:33.33%\">\n<figure class=\"wp-block-image size-full\"><img loading=\"lazy\" decoding=\"async\" width=\"373\" height=\"354\" src=\"https:\/\/tc-hohenau.at\/wp-content\/uploads\/2025\/12\/Schluesseleinsatz.png\" alt=\"\" class=\"wp-image-207\" srcset=\"https:\/\/tc-hohenau.at\/wp-content\/uploads\/2025\/12\/Schluesseleinsatz.png 373w, https:\/\/tc-hohenau.at\/wp-content\/uploads\/2025\/12\/Schluesseleinsatz-300x285.png 300w\" sizes=\"auto, (max-width: 373px) 100vw, 373px\" \/><\/figure>\n<\/div>\n<\/div>\n\n\n\n<hr class=\"wp-block-separator has-alpha-channel-opacity\"\/>\n\n\n\n<div class=\"wp-block-columns is-layout-flex wp-container-core-columns-is-layout-28f84493 wp-block-columns-is-layout-flex\">\n<div class=\"wp-block-column is-layout-flow wp-block-column-is-layout-flow\" style=\"flex-basis:66.66%\">\n<p class=\"has-heading-color has-text-color has-link-color wp-elements-e0cffce22c02a8ea85b1d3ee143e21e5\"><strong>Gastspieler<\/strong><br>Die Platzgeb\u00fchr wird durch die anwesenden Spieler dividiert und ist dann in der Kantine zu bezahlen (Einwurfschlitz -Platzmiete) oder zu \u00fcberweisen.<br><strong><em>Ein Gastspieler kann\/darf nur mit einem Mitglied den Platz benutzen!<\/em><\/strong><br><\/p>\n<\/div>\n\n\n\n<div class=\"wp-block-column is-layout-flow wp-block-column-is-layout-flow\" style=\"flex-basis:33.33%\">\n<p class=\"has-heading-color has-text-color has-link-color wp-elements-3cf7fcf37822eb068ba3f9344c52f168\">Platzgeb\u00fchr <br><strong>\u20ac 12 pro Stunde<\/strong><br><\/p>\n\n\n\n<figure class=\"wp-block-image size-full\"><img loading=\"lazy\" decoding=\"async\" width=\"343\" height=\"326\" src=\"https:\/\/tc-hohenau.at\/wp-content\/uploads\/2025\/12\/Platzgebuehr.png\" alt=\"\" class=\"wp-image-209\" srcset=\"https:\/\/tc-hohenau.at\/wp-content\/uploads\/2025\/12\/Platzgebuehr.png 343w, https:\/\/tc-hohenau.at\/wp-content\/uploads\/2025\/12\/Platzgebuehr-300x285.png 300w\" sizes=\"auto, (max-width: 343px) 100vw, 343px\" \/><\/figure>\n<\/div>\n<\/div>\n\n\n\n<hr class=\"wp-block-separator has-alpha-channel-opacity\"\/>\n\n\n\n<p class=\"has-heading-color has-text-color has-link-color wp-elements-f026775108cb64007f29c3837f648781\"><strong>Einsteigen w\u00e4hrend der Saison<\/strong><br>Der Vorstand hat beschlossen, dass es m\u00f6glich ist, w\u00e4hrend der Saison mit einem verminderten Mitgliedsbeitrag einzusteigen.<br>Realistischerweise sind die Sandpl\u00e4tze lediglich 6 Monate <sub>(Mai, Juni, Juli, August, September und Oktober)<\/sub> bespielbar. <br><strong><em>Voraussetzungen:<\/em><\/strong><br>m\u00f6glich immer erst ab 01. August des betreffenden Jahres;<br>Bezahlung des anteilig verbleibenden Beitrag (1\/6 des Beitrages, aufgerundet auf ganze \u20ac) f\u00fcr das Jahr;<br><sub>(zum Beispiel: Beginn der Mitgliedsschaft im September, dann Bezahlung von 2\/6 des urspr\u00fcnglichen Mitgliedsbeitrages, da nurmehr September und Oktober Spielbetrieb ist.)<\/sub><br><sub><em>Nur f\u00fcr neue Mitglieder, Bestandsmitglieder k\u00f6nnen dies nicht in Anspruch nehmen!<\/em><\/sub><br><\/p>\n\n\n\n<p><\/p>\n\n\n\n<p class=\"has-small-font-size\" id=\"_ftn1\">[1] Stichtag 1. J\u00e4nner der jeweiligen Saison<\/p>\n\n\n\n<p class=\"has-small-font-size\" id=\"_ftn2\">[2] Nach Entrichtung des Schl\u00fcsseleinsatzes \u2013 vorzugsweise mittels \u00dcberweisung \u2013 von 30 Euro<\/p>\n\n\n\n<p class=\"has-small-font-size\" id=\"_ftn3\">[3] Voraussetzung ist die Bekanntgabe einer email Adresse, PIN-Anforderung unter rangliste@tc-hohenau.at <\/p>\n\n\n\n<p class=\"has-small-font-size\" id=\"_ftn4\">[4] Voraussetzung ist die Bekanntgabe einer Telefonnummer und die Teilnahme am Reservierungssystem,<\/p>\n\n\n\n<p class=\"has-small-font-size\"><\/p>\n\n\n\n<p><\/p>\n\n\n\n<p><\/p>\n","protected":false},"excerpt":{"rendered":"<p>Arten der Mitgliedschaften Stand 19.03.2026 Mitgliedskarte &#8211; Einzelperson\u20ac 130Erwachsener, Einzelperson ab vollendetem 19. Lebensjahr [1]\u2013 ausgenommen Studenten bis zum 27. Lebensjahr[1] ;Der Inhaber einer Mitgliedskarte \u2013 Einzelperson bekommt einen entsprechenden Schl\u00fcssel[2], einen pers\u00f6nlichen PIN f\u00fcr das Online-Reservierungssystem[3] (maximal 8 Einheiten) und auf Wunsch einen Platz in der Forderungsliste[4]. Der Inhaber dieser Mitgliedschaft besitzt eine Stimme [&hellip;]<\/p>\n","protected":false},"author":1,"featured_media":0,"parent":0,"menu_order":0,"comment_status":"closed","ping_status":"closed","template":"","meta":{"footnotes":"[]"},"class_list":["post-50","page","type-page","status-publish","hentry"],"_links":{"self":[{"href":"https:\/\/tc-hohenau.at\/index.php?rest_route=\/wp\/v2\/pages\/50","targetHints":{"allow":["GET"]}}],"collection":[{"href":"https:\/\/tc-hohenau.at\/index.php?rest_route=\/wp\/v2\/pages"}],"about":[{"href":"https:\/\/tc-hohenau.at\/index.php?rest_route=\/wp\/v2\/types\/page"}],"author":[{"embeddable":true,"href":"https:\/\/tc-hohenau.at\/index.php?rest_route=\/wp\/v2\/users\/1"}],"replies":[{"embeddable":true,"href":"https:\/\/tc-hohenau.at\/index.php?rest_route=%2Fwp%2Fv2%2Fcomments&post=50"}],"version-history":[{"count":29,"href":"https:\/\/tc-hohenau.at\/index.php?rest_route=\/wp\/v2\/pages\/50\/revisions"}],"predecessor-version":[{"id":221,"href":"https:\/\/tc-hohenau.at\/index.php?rest_route=\/wp\/v2\/pages\/50\/revisions\/221"}],"wp:attachment":[{"href":"https:\/\/tc-hohenau.at\/index.php?rest_route=%2Fwp%2Fv2%2Fmedia&parent=50"}],"curies":[{"name":"wp","href":"https:\/\/api.w.org\/{rel}","templated":true}]}}